{"id":103,"date":"2012-06-26T11:36:04","date_gmt":"2012-06-26T11:36:04","guid":{"rendered":"http:\/\/cms.fuw.edu.pl\/?page_id=103"},"modified":"2012-07-03T12:52:51","modified_gmt":"2012-07-03T12:52:51","slug":"badanie-struktury-protonu","status":"publish","type":"page","link":"http:\/\/cms.fuw.edu.pl\/?page_id=103","title":{"rendered":"Badanie struktury protonu"},"content":{"rendered":"<p align=\"JUSTIFY\">Znamy cztery fundamentalne oddzia\u0142ywania: silne, elektromagnetyczne, s\u0142abe i grawitacyjne. Teoria nazywana chromodynamik\u0105 kwantow\u0105 (QCD) opisuje jedno z nich &#8211; oddzia\u0142ywanie silne, czyli zachodz\u0105ce mi\u0119dzy kwarkami i gluonami. Obliczenia w ramach QCD s\u0105 skomplikowane i musimy posi\u0142kowa\u0107 si\u0119 pewnymi przybli\u017ceniami tej teorii. R\u00f3wnanie ewolucji standardowo wykorzystywane w przybli\u017conych obliczeniach nazywa si\u0119 DGLAP (od pierwszych liter nazwisk jego autor\u00f3w). Poprawnie opisuje ono dane do\u015bwiadczalne dla du\u017cych przekaz\u00f3w czterop\u0119du (<em>Q<\/em><sup>2<\/sup>), tak jak zosta\u0142o to zilustrowane na rysunku obok.<a href=\"http:\/\/cms.fuw.edu.pl\/wp-content\/uploads\/2012\/06\/EwolucjaQCD.png\"><img loading=\"lazy\" class=\"alignright size-medium wp-image-315\" title=\"EwolucjaQCD\" src=\"http:\/\/cms.fuw.edu.pl\/wp-content\/uploads\/2012\/06\/EwolucjaQCD-300x224.png\" alt=\"\" width=\"300\" height=\"224\" srcset=\"http:\/\/cms.fuw.edu.pl\/wp-content\/uploads\/2012\/06\/EwolucjaQCD-300x224.png 300w, http:\/\/cms.fuw.edu.pl\/wp-content\/uploads\/2012\/06\/EwolucjaQCD.png 400w\" sizes=\"(max-width: 300px) 100vw, 300px\" \/><\/a> Istnieje r\u00f3wnie\u017c inne podej\u015bcie, nazywane ewolucj\u0105 BFKL (r\u00f3wnie\u017c od pierwszych liter nazwisk autor\u00f3w), kt\u00f3re powinno lepiej opisywa\u0107 oddzia\u0142ywania je\u017celi obiekty bior\u0105ce w nich udzia\u0142 nios\u0105 niewielk\u0105 cz\u0119\u015b\u0107 p\u0119du protonu (<em>x <\/em>na rysunku oznacza cz\u0119\u015b\u0107 p\u0119du pod\u0142u\u017cnego protonu niesion\u0105 przez rozwa\u017cany obiekt). Fakt ten nie zosta\u0142 jeszcze potwierdzony eksperymentalnie.<\/p>\n<p align=\"JUSTIFY\">Geometryczne pokrycie detektora CMS umo\u017cliwia pomiary cz\u0105stek w obszarze \u201edo przodu\u201d i &#8220;do ty\u0142u&#8221;, czyli blisko rury wi\u0105zki. W tych obszarach dzia\u0142a detektor Hadronic Forward (HF), kt\u00f3ry jest w stanie zmierzy\u0107 pozycj\u0119 oraz energi\u0119 strumieni wysokoenergetycznych cz\u0105stek, nazywanych d\u017cetami. D\u017cety s\u0105 sygnatur\u0105 do\u015bwiadczaln\u0105 parton\u00f3w (kwark\u00f3w i gluon\u00f3w), kt\u00f3re nie mog\u0105 wyst\u0119powa\u0107 jako swobodne cz\u0105stki i hadronizuj\u0105 zanim zostan\u0105 wykryte. Produkcji pary d\u017cet\u00f3w, z kt\u00f3rych jeden jest emitowany &#8220;do przodu&#8221;, a drugi &#8220;do ty\u0142u&#8221; towarzyszy produkcja obiekt\u00f3w, kt\u00f3re nios\u0105 niewielk\u0105 cz\u0119\u015b\u0107 p\u0119du protonu (ma\u0142e <em>x<\/em>). Tak\u0105 par\u0119 d\u017cet\u00f3w nazywamy par\u0105 Muellera-Naveleta (MN).<\/p>\n<p align=\"JUSTIFY\">W ramach grupy warszawskiej CMS przeprowadzana jest analiza danych maj\u0105ca na celu pomiar dekorelacji k\u0105towej pary d\u017cet\u00f3w MN oraz sprawdzenie, czy w danych obserwowane s\u0105 efekty charakterystyczne dla ewolucji BFKL.<\/p>\n<p>&nbsp;<\/p>\n","protected":false},"excerpt":{"rendered":"<p>Znamy cztery fundamentalne oddzia\u0142ywania: silne, elektromagnetyczne, s\u0142abe i grawitacyjne. Teoria nazywana chromodynamik\u0105 kwantow\u0105 (QCD) opisuje jedno z nich &#8211; oddzia\u0142ywanie silne, czyli zachodz\u0105ce mi\u0119dzy kwarkami i gluonami. Obliczenia w ramach QCD s\u0105 skomplikowane i musimy posi\u0142kowa\u0107 si\u0119 pewnymi przybli\u017ceniami tej &hellip; <a href=\"http:\/\/cms.fuw.edu.pl\/?page_id=103\">Continue reading <span class=\"meta-nav\">&rarr;<\/span><\/a><\/p>\n","protected":false},"author":2,"featured_media":27,"parent":167,"menu_order":3,"comment_status":"closed","ping_status":"closed","template":"","meta":[],"_links":{"self":[{"href":"http:\/\/cms.fuw.edu.pl\/index.php?rest_route=\/wp\/v2\/pages\/103"}],"collection":[{"href":"http:\/\/cms.fuw.edu.pl\/index.php?rest_route=\/wp\/v2\/pages"}],"about":[{"href":"http:\/\/cms.fuw.edu.pl\/index.php?rest_route=\/wp\/v2\/types\/page"}],"author":[{"embeddable":true,"href":"http:\/\/cms.fuw.edu.pl\/index.php?rest_route=\/wp\/v2\/users\/2"}],"replies":[{"embeddable":true,"href":"http:\/\/cms.fuw.edu.pl\/index.php?rest_route=%2Fwp%2Fv2%2Fcomments&post=103"}],"version-history":[{"count":11,"href":"http:\/\/cms.fuw.edu.pl\/index.php?rest_route=\/wp\/v2\/pages\/103\/revisions"}],"predecessor-version":[{"id":105,"href":"http:\/\/cms.fuw.edu.pl\/index.php?rest_route=\/wp\/v2\/pages\/103\/revisions\/105"}],"up":[{"embeddable":true,"href":"http:\/\/cms.fuw.edu.pl\/index.php?rest_route=\/wp\/v2\/pages\/167"}],"wp:featuredmedia":[{"embeddable":true,"href":"http:\/\/cms.fuw.edu.pl\/index.php?rest_route=\/wp\/v2\/media\/27"}],"wp:attachment":[{"href":"http:\/\/cms.fuw.edu.pl\/index.php?rest_route=%2Fwp%2Fv2%2Fmedia&parent=103"}],"curies":[{"name":"wp","href":"https:\/\/api.w.org\/{rel}","templated":true}]}}