{"id":1284,"date":"2021-01-08T16:49:20","date_gmt":"2021-01-08T16:49:20","guid":{"rendered":"http:\/\/cms.fuw.edu.pl\/?page_id=1284"},"modified":"2021-01-08T18:25:44","modified_gmt":"2021-01-08T18:25:44","slug":"master-classes","status":"publish","type":"page","link":"http:\/\/cms.fuw.edu.pl\/?page_id=1284","title":{"rendered":"Master Classes"},"content":{"rendered":"<p><strong>Mater Classes<\/strong> to warsztaty po\u015bwi\u0119cone fizyce cz\u0105stek elementarnych skierowane do uczni\u00f3w szk\u00f3\u0142 \u015brednich. Zaj\u0119cia odbywaj\u0105 si\u0119 w ramach mi\u0119dzynarodowego programu pod t\u0105 sam\u0105 nazw\u0105 (<a href=\"http:\/\/physicsmasterclasses.org\" target=\"_blank\">http:\/\/physicsmasterclasses.org<\/a>) koordynowanego przez <a href=\"http:\/\/ippog.web.cern.ch\/\" target=\"_blank\">International Particle Physics Outreach Group<\/a>.<\/p>\n<p>Kolejne edycje oranizowane przez cz\u0142onk\u00f3w naszej Grupy:<\/p>\n<ul>\n<li><a href=\"https:\/\/indico.cern.ch\/e\/MC2020\" target=\"_blank\">Master Classes 2020<\/a><\/li>\n<li><a href=\"https:\/\/indico.cern.ch\/e\/MC2019\" target=\"_blank\">Master Classes 2019<\/a><\/li>\n<li><a href=\"https:\/\/indico.cern.ch\/e\/MC2018\" target=\"_blank\">Master Classes 2018<\/a><\/li>\n<li><a href=\"https:\/\/indico.cern.ch\/e\/MC2016\" target=\"_blank\">Master Classes 2016<\/a><\/li>\n<li><a href=\"http:\/\/cms.fuw.edu.pl\/?page_id=1016\" target=\"_blank\">Master Classes 2015<\/a><\/li>\n<li><a href=\"http:\/\/cms.fuw.edu.pl\/?page_id=847\" target=\"_blank\">Master Classes 2014<\/a><\/li>\n<li><a href=\"http:\/\/cms.fuw.edu.pl\/?page_id=817\" target=\"_blank\">Master Classes 2013<\/a><\/li>\n<li><a href=\"http:\/\/cms.fuw.edu.pl\/?page_id=928\" target=\"_blank\">Festiwal Nauki 2013<\/a><\/li>\n<li><a href=\"http:\/\/cms.fuw.edu.pl\/?page_id=654\" target=\"_blank\">Master Classes 2012<\/a><\/li>\n<\/ul>\n","protected":false},"excerpt":{"rendered":"<p>Mater Classes to warsztaty po\u015bwi\u0119cone fizyce cz\u0105stek elementarnych skierowane do uczni\u00f3w szk\u00f3\u0142 \u015brednich. Zaj\u0119cia odbywaj\u0105 si\u0119 w ramach mi\u0119dzynarodowego programu pod t\u0105 sam\u0105 nazw\u0105 (http:\/\/physicsmasterclasses.org) koordynowanego przez International Particle Physics Outreach Group. Kolejne edycje oranizowane przez cz\u0142onk\u00f3w naszej Grupy: Master &hellip; <a href=\"http:\/\/cms.fuw.edu.pl\/?page_id=1284\">Continue reading <span class=\"meta-nav\">&rarr;<\/span><\/a><\/p>\n","protected":false},"author":9,"featured_media":1302,"parent":624,"menu_order":3,"comment_status":"closed","ping_status":"closed","template":"","meta":[],"_links":{"self":[{"href":"http:\/\/cms.fuw.edu.pl\/index.php?rest_route=\/wp\/v2\/pages\/1284"}],"collection":[{"href":"http:\/\/cms.fuw.edu.pl\/index.php?rest_route=\/wp\/v2\/pages"}],"about":[{"href":"http:\/\/cms.fuw.edu.pl\/index.php?rest_route=\/wp\/v2\/types\/page"}],"author":[{"embeddable":true,"href":"http:\/\/cms.fuw.edu.pl\/index.php?rest_route=\/wp\/v2\/users\/9"}],"replies":[{"embeddable":true,"href":"http:\/\/cms.fuw.edu.pl\/index.php?rest_route=%2Fwp%2Fv2%2Fcomments&post=1284"}],"version-history":[{"count":9,"href":"http:\/\/cms.fuw.edu.pl\/index.php?rest_route=\/wp\/v2\/pages\/1284\/revisions"}],"predecessor-version":[{"id":1304,"href":"http:\/\/cms.fuw.edu.pl\/index.php?rest_route=\/wp\/v2\/pages\/1284\/revisions\/1304"}],"up":[{"embeddable":true,"href":"http:\/\/cms.fuw.edu.pl\/index.php?rest_route=\/wp\/v2\/pages\/624"}],"wp:featuredmedia":[{"embeddable":true,"href":"http:\/\/cms.fuw.edu.pl\/index.php?rest_route=\/wp\/v2\/media\/1302"}],"wp:attachment":[{"href":"http:\/\/cms.fuw.edu.pl\/index.php?rest_route=%2Fwp%2Fv2%2Fmedia&parent=1284"}],"curies":[{"name":"wp","href":"https:\/\/api.w.org\/{rel}","templated":true}]}}