{"id":167,"date":"2012-06-27T18:57:03","date_gmt":"2012-06-27T18:57:03","guid":{"rendered":"http:\/\/cms.fuw.edu.pl\/?page_id=167"},"modified":"2021-01-12T11:35:53","modified_gmt":"2021-01-12T11:35:53","slug":"nasz-wklad-w-badania","status":"publish","type":"page","link":"http:\/\/cms.fuw.edu.pl\/?page_id=167","title":{"rendered":"Nasz wk\u0142ad w badania"},"content":{"rendered":"<div id=\"attachment_88\" style=\"width: 310px\" class=\"wp-caption alignleft\"><a href=\"http:\/\/cms.fuw.edu.pl\/wp-content\/uploads\/2012\/06\/HTauTauRozpad1_Cut1.jpg\"><img aria-describedby=\"caption-attachment-88\" loading=\"lazy\" class=\"size-medium wp-image-88 \" title=\"HTauTauRozpad1_Cut\" src=\"http:\/\/cms.fuw.edu.pl\/wp-content\/uploads\/2012\/06\/HTauTauRozpad1_Cut1-300x240.jpg\" alt=\"\" width=\"300\" height=\"240\" srcset=\"http:\/\/cms.fuw.edu.pl\/wp-content\/uploads\/2012\/06\/HTauTauRozpad1_Cut1-300x240.jpg 300w, http:\/\/cms.fuw.edu.pl\/wp-content\/uploads\/2012\/06\/HTauTauRozpad1_Cut1-373x300.jpg 373w, http:\/\/cms.fuw.edu.pl\/wp-content\/uploads\/2012\/06\/HTauTauRozpad1_Cut1.jpg 894w\" sizes=\"(max-width: 300px) 100vw, 300px\" \/><\/a><p id=\"caption-attachment-88\" class=\"wp-caption-text\">Schemat rozpadu bozonu Higgsa na dwa leptony tau.<\/p><\/div>\n<p>Bierzemy aktywny udzia\u0142 w <a title=\"Poszukiwania bozonu Higgsa\" href=\"http:\/\/cms.fuw.edu.pl\/?page_id=95\">badaniu w\u0142asno\u015bci bozonu Higgsa<\/a> w tzw. kanale rozpadu na dwa leptony tau. Grupa Warszawska jest te\u017c zaanga\u017cowana w <a title=\"Poszukiwania cz\u0105stek egzotycznych\" href=\"http:\/\/cms.fuw.edu.pl\/?page_id=99\" target=\"_blank\">poszukiwania cz\u0105stek<\/a> przewidywanych przez modele rozszerzaj\u0105ce Model Standardowy (m.in. Supersymetri\u0119), badanie proces\u00f3w <a title=\"Rozpraszanie bozon\u00f3w wektorowych\" href=\"http:\/\/cms.fuw.edu.pl\/?page_id=99\" target=\"_blank\">rozpraszania bozon\u00f3w wektorowych<\/a> (VBS) oraz<a title=\"Badanie struktury protonu\" href=\"http:\/\/cms.fuw.edu.pl\/?page_id=103\" target=\"_blank\"> badania struktury protonu<\/a>. Planowane jest tak\u017ce zaanga\u017cowanie przy <a title=\"Badania zderze\u0144 ci\u0119\u017ckich jon\u00f3w\" href=\"http:\/\/cms.fuw.edu.pl\/?page_id=108\" target=\"_blank\">badaniach zderze\u0144 ci\u0119\u017ckich jon\u00f3w<\/a>.<\/p>\n<div id=\"attachment_64\" style=\"width: 310px\" class=\"wp-caption alignright\"><a href=\"http:\/\/cms.fuw.edu.pl\/wp-content\/uploads\/2021\/01\/visualization_cms-pub-per-year_01-11-2021.png\"><img aria-describedby=\"caption-attachment-64\" class=\" wp-image-64 \" title=\"LiczbaPublikacji\" src=\"http:\/\/cms.fuw.edu.pl\/wp-content\/uploads\/2021\/01\/visualization_cms-pub-per-year_01-11-2021.png\" alt=\"\" width=\"300\" \/><\/a><p id=\"caption-attachment-64\" class=\"wp-caption-text\">Liczba publikacji Wsp\u00f3\u0142pracy CMS w kolejnych latach (odwr\u00f3cona chronologia). Dane z serwisu Web of Knowledge, stan na 11.01.2021.<\/p><\/div>\n<p>Od momentu zawi\u0105zania Wsp\u00f3\u0142pracy CMS w 1991 roku zostali\u015bmy wsp\u00f3\u0142autorami ponad 1000 publikacji naukowych w mi\u0119dzynarodowych czasopismach (wg. <a href=\"http:\/\/apps.webofknowledge.com\" target=\"_blank\">Web of Knowledge<\/a>), wi\u0119kszo\u015b\u0107 od momentu uruchomienia LHC 10 wrze\u015bnia 2008 roku.<\/p>\n<p>&nbsp;<\/p>\n","protected":false},"excerpt":{"rendered":"<p>Bierzemy aktywny udzia\u0142 w badaniu w\u0142asno\u015bci bozonu Higgsa w tzw. kanale rozpadu na dwa leptony tau. Grupa Warszawska jest te\u017c zaanga\u017cowana w poszukiwania cz\u0105stek przewidywanych przez modele rozszerzaj\u0105ce Model Standardowy (m.in. Supersymetri\u0119), badanie proces\u00f3w rozpraszania bozon\u00f3w wektorowych (VBS) oraz badania &hellip; <a href=\"http:\/\/cms.fuw.edu.pl\/?page_id=167\">Continue reading <span class=\"meta-nav\">&rarr;<\/span><\/a><\/p>\n","protected":false},"author":2,"featured_media":29,"parent":0,"menu_order":4,"comment_status":"closed","ping_status":"closed","template":"","meta":[],"_links":{"self":[{"href":"http:\/\/cms.fuw.edu.pl\/index.php?rest_route=\/wp\/v2\/pages\/167"}],"collection":[{"href":"http:\/\/cms.fuw.edu.pl\/index.php?rest_route=\/wp\/v2\/pages"}],"about":[{"href":"http:\/\/cms.fuw.edu.pl\/index.php?rest_route=\/wp\/v2\/types\/page"}],"author":[{"embeddable":true,"href":"http:\/\/cms.fuw.edu.pl\/index.php?rest_route=\/wp\/v2\/users\/2"}],"replies":[{"embeddable":true,"href":"http:\/\/cms.fuw.edu.pl\/index.php?rest_route=%2Fwp%2Fv2%2Fcomments&post=167"}],"version-history":[{"count":21,"href":"http:\/\/cms.fuw.edu.pl\/index.php?rest_route=\/wp\/v2\/pages\/167\/revisions"}],"predecessor-version":[{"id":1330,"href":"http:\/\/cms.fuw.edu.pl\/index.php?rest_route=\/wp\/v2\/pages\/167\/revisions\/1330"}],"wp:featuredmedia":[{"embeddable":true,"href":"http:\/\/cms.fuw.edu.pl\/index.php?rest_route=\/wp\/v2\/media\/29"}],"wp:attachment":[{"href":"http:\/\/cms.fuw.edu.pl\/index.php?rest_route=%2Fwp%2Fv2%2Fmedia&parent=167"}],"curies":[{"name":"wp","href":"https:\/\/api.w.org\/{rel}","templated":true}]}}