{"id":2,"date":"2012-06-21T08:37:08","date_gmt":"2012-06-21T08:37:08","guid":{"rendered":"http:\/\/localhost\/CMS-LHC\/?page_id=2"},"modified":"2021-01-13T15:34:26","modified_gmt":"2021-01-13T15:34:26","slug":"sample-page","status":"publish","type":"page","link":"http:\/\/cms.fuw.edu.pl\/?page_id=2","title":{"rendered":"CERN"},"content":{"rendered":"<p><span style=\"color: #000000;\"><span style=\"font-family: Helvetica,sans-serif;\"><span style=\"font-size: medium;\"><strong><span style=\"font-family: Times,serif;\"><span style=\"font-size: xx-large;\"><a href=\"http:\/\/cms.fuw.edu.pl\/wp-content\/uploads\/2012\/06\/cern_logo_white.gif\"><img loading=\"lazy\" class=\"alignright wp-image-381\" title=\"cern_logo_white\" src=\"http:\/\/cms.fuw.edu.pl\/wp-content\/uploads\/2012\/06\/cern_logo_white-300x290.gif\" alt=\"\" width=\"144\" height=\"139\" srcset=\"http:\/\/cms.fuw.edu.pl\/wp-content\/uploads\/2012\/06\/cern_logo_white-300x290.gif 300w, http:\/\/cms.fuw.edu.pl\/wp-content\/uploads\/2012\/06\/cern_logo_white-309x300.gif 309w, http:\/\/cms.fuw.edu.pl\/wp-content\/uploads\/2012\/06\/cern_logo_white.gif 656w\" sizes=\"(max-width: 144px) 100vw, 144px\" \/><\/a><\/span><\/span><\/strong><\/span><\/span><\/span><span style=\"color: #000000;\"><span style=\"font-family: Helvetica,sans-serif;\"><span style=\"font-size: medium;\"><strong><span style=\"font-family: Times,serif;\"><span style=\"font-size: x-large;\">(European Organization for Nuclear Research &#8211; Europejska Organizacja Bada\u0144 J\u0105drowych)<\/span><\/span><\/strong><\/span><\/span><\/span><\/p>\n<p>W <a href=\"http:\/\/press.web.cern.ch\/press\/Journalists\/CERNHistory.html\" target=\"_blank\">1954<\/a> 12 pa\u0144stw Europy Zachodniej utworzy\u0142o pod Genew\u0105 wielki o\u015brodek bada\u0144 j\u0105drowych CERN. Kunszt jego naukowc\u00f3w i in\u017cynier\u00f3w sprawia, \u017ce budowane w nim akceleratory maj\u0105 parametry nieosi\u0105gane nigdzie indziej. Badania prowadzone w tym najwi\u0119kszym dzi\u015b na \u015bwiecie laboratorium fizycznym przynios\u0142y ju\u017c wiele odkry\u0107 o fundamentalnym znaczeniu, m.in. potwierdzenie istnienia w przyrodzie tzw. pr\u0105d\u00f3w neutralnych, odkrycie od dawna przewidywanych teoretycznie bozon\u00f3w W i Z, po\u015brednicz\u0105cych w oddzia\u0142ywaniach s\u0142abych oraz bardzo precyzyjne testy Modelu Standardowego w rozpadach bozon\u00f3w Z<sup>0<\/sup> produkowanych w zderzaczu elektron-pozyton LEP. To r\u00f3wnie\u017c w CERN <a href=\"http:\/\/public.web.cern.ch\/public\/en\/about\/web-en.html\" target=\"_blank\">Tim Berners-Lee wymy\u015bli\u0142 w 1989 roku WWW,<\/a> czyli \u015awiatow\u0105 Paj\u0119czyn\u0119 Informatyczn\u0105, z kt\u00f3rej obecnie wszyscy korzystamy.<\/p>\n<p>Od 1992 g\u0142\u00f3wnym projektem naukowym realizowanym w CERN jest program Wielkiego Zderzacza Hadronowego LHC. Zderzacz i cztery zbudowane przy nim detektory (eksperymenty) &#8211; <a href=\"http:\/\/aliceinfo.cern.ch\/Public\/Welcome.html\" target=\"_blank\">ALICE<\/a>, <a href=\"http:\/\/atlas.ch\/\" target=\"_blank\">ATLAS<\/a>, <a href=\"http:\/\/cms.cern\/\" target=\"_blank\">CMS<\/a> i <a href=\"http:\/\/lhcb-public.web.cern.ch\/lhcb-public\/\" target=\"_blank\">LHCb<\/a> &#8211; ruszy\u0142y w 2008, za\u015b od 2010 zbieraj\u0105 dane.<\/p>\n<div id=\"attachment_249\" style=\"width: 1010px\" class=\"wp-caption alignnone\"><a href=\"http:\/\/cms.fuw.edu.pl\/wp-content\/uploads\/2012\/06\/KtoTworzyCERN.png\"><img aria-describedby=\"caption-attachment-249\" loading=\"lazy\" class=\" wp-image-249 \" title=\"KtoTworzyCERN\" src=\"http:\/\/cms.fuw.edu.pl\/wp-content\/uploads\/2012\/06\/KtoTworzyCERN.png\" alt=\"\" width=\"1000\" height=\"808\" srcset=\"http:\/\/cms.fuw.edu.pl\/wp-content\/uploads\/2012\/06\/KtoTworzyCERN.png 1000w, http:\/\/cms.fuw.edu.pl\/wp-content\/uploads\/2012\/06\/KtoTworzyCERN-300x242.png 300w, http:\/\/cms.fuw.edu.pl\/wp-content\/uploads\/2012\/06\/KtoTworzyCERN-371x300.png 371w\" sizes=\"(max-width: 1000px) 100vw, 1000px\" \/><\/a><p id=\"caption-attachment-249\" class=\"wp-caption-text\">Kraje cz\u0142onkowskie CERN;<br \/>Obecnie (w 2020) do CERN nale\u017c\u0105 23 pa\u0144stwa, na rys. brakuje Izraela (2014), Rumunii (2016) oraz Serbii (2019).<\/p><\/div>\n<p>Pierwszy polski naukowiec pojecha\u0142 do CERN w 1958 roku. Od 1964 roku Polska nieprzerwanie przez 27 lat, jako jedyny kraj po wschodniej stronie\u00a0 \u017celaznej kurtyny, mia\u0142a w CERN oficjalny status pa\u0144stwa-obserwatora. Pe\u0142noprawnym cz\u0142onkiem tej organizacji naukowo-badawczej stali\u015bmy si\u0119 1 lipca 1991 roku. Jedna dziesi\u0105ta wszystkich publikacji dotycz\u0105cych bada\u0144 w CERN ma polskich autor\u00f3w lub wsp\u00f3\u0142autor\u00f3w. Polscy naukowcy brali m.in. udzia\u0142 w konstrukcji detektor\u00f3w ATLAS, ALICE, CMS i LHCb przy zderzaczu LHC oraz obecnie uczestnicz\u0105 w analizie danych z tych eksperyment\u00f3w.<\/p>\n","protected":false},"excerpt":{"rendered":"<p>(European Organization for Nuclear Research &#8211; Europejska Organizacja Bada\u0144 J\u0105drowych) W 1954 12 pa\u0144stw Europy Zachodniej utworzy\u0142o pod Genew\u0105 wielki o\u015brodek bada\u0144 j\u0105drowych CERN. Kunszt jego naukowc\u00f3w i in\u017cynier\u00f3w sprawia, \u017ce budowane w nim akceleratory maj\u0105 parametry nieosi\u0105gane nigdzie indziej. &hellip; <a href=\"http:\/\/cms.fuw.edu.pl\/?page_id=2\">Continue reading <span class=\"meta-nav\">&rarr;<\/span><\/a><\/p>\n","protected":false},"author":2,"featured_media":23,"parent":6,"menu_order":1,"comment_status":"closed","ping_status":"closed","template":"","meta":[],"_links":{"self":[{"href":"http:\/\/cms.fuw.edu.pl\/index.php?rest_route=\/wp\/v2\/pages\/2"}],"collection":[{"href":"http:\/\/cms.fuw.edu.pl\/index.php?rest_route=\/wp\/v2\/pages"}],"about":[{"href":"http:\/\/cms.fuw.edu.pl\/index.php?rest_route=\/wp\/v2\/types\/page"}],"author":[{"embeddable":true,"href":"http:\/\/cms.fuw.edu.pl\/index.php?rest_route=\/wp\/v2\/users\/2"}],"replies":[{"embeddable":true,"href":"http:\/\/cms.fuw.edu.pl\/index.php?rest_route=%2Fwp%2Fv2%2Fcomments&post=2"}],"version-history":[{"count":31,"href":"http:\/\/cms.fuw.edu.pl\/index.php?rest_route=\/wp\/v2\/pages\/2\/revisions"}],"predecessor-version":[{"id":1385,"href":"http:\/\/cms.fuw.edu.pl\/index.php?rest_route=\/wp\/v2\/pages\/2\/revisions\/1385"}],"up":[{"embeddable":true,"href":"http:\/\/cms.fuw.edu.pl\/index.php?rest_route=\/wp\/v2\/pages\/6"}],"wp:featuredmedia":[{"embeddable":true,"href":"http:\/\/cms.fuw.edu.pl\/index.php?rest_route=\/wp\/v2\/media\/23"}],"wp:attachment":[{"href":"http:\/\/cms.fuw.edu.pl\/index.php?rest_route=%2Fwp%2Fv2%2Fmedia&parent=2"}],"curies":[{"name":"wp","href":"https:\/\/api.w.org\/{rel}","templated":true}]}}