{"id":334,"date":"2012-06-29T07:30:51","date_gmt":"2012-06-29T07:30:51","guid":{"rendered":"http:\/\/cms.fuw.edu.pl\/?page_id=334"},"modified":"2024-01-09T10:03:02","modified_gmt":"2024-01-09T10:03:02","slug":"kontakt","status":"publish","type":"page","link":"http:\/\/cms.fuw.edu.pl\/?page_id=334","title":{"rendered":"Kontakt"},"content":{"rendered":"<p>Chcesz si\u0119 dowiedzie\u0107 wi\u0119cej na temat fizyki badanej w eksperymencie CMS przy LHC i o naszej dzia\u0142alno\u015bci?<\/p>\n<p>Mo\u017cesz si\u0119 z nami skontaktowa\u0107 drog\u0105 elektroniczn\u0105 pod adresami:<\/p>\n<ul>\n<li><em><span style=\"color: #003366;\">Artur.Kalinowski@fuw.edu.pl<\/span><\/em><\/li>\n<li><span style=\"color: #003366;\"><em>Marcin.Konecki@fuw.edu.pl<\/em><\/span><\/li>\n<li><span style=\"color: #003366;\"><em>Piotr.Zalewski@ncbj.gov.pl<\/em><br \/>\n<\/span><\/li>\n<li><span style=\"color: #003366;\"><em>Michal.Bluj@ncbj.gov.pl<\/em><br \/>\n<\/span><\/li>\n<\/ul>\n<p>lub pod numerem telefonu <span style=\"color: #003366;\">22 55 32 811 lub 22 55 32 809<br \/>\n<\/span><\/p>\n<p>Mo\u017cesz te\u017c nas odwiedzi\u0107 na <strong><a href=\"http:\/\/www.fuw.edu.pl\/jak-do-nas-trafic.html?location=0\" target=\"_blank\" rel=\"noopener\">Wydziale Fizyki UW, Warszawa, Pasteura 5<\/a>, pok\u00f3j 4.11 lub 4.09<br \/>\n<\/strong><\/p>\n<p>Sk\u0142ad grupy mo\u017cna znale\u017a\u0107 <a href=\"http:\/\/cms.fuw.edu.pl\/?page_id=446\">tu.<\/a><\/p>\n<hr \/>\n<p>Je\u015bli znalaz\u0142e\u015b na stronie b\u0142\u0105d, skontaktuj si\u0119 z administratorem:<\/p>\n<ul>\n<li><em><span style=\"color: #003366;\"><em>Artur.Kalinowski@fuw.edu.pl<\/em><\/span><\/em><\/li>\n<\/ul>\n","protected":false},"excerpt":{"rendered":"<p>Chcesz si\u0119 dowiedzie\u0107 wi\u0119cej na temat fizyki badanej w eksperymencie CMS przy LHC i o naszej dzia\u0142alno\u015bci? Mo\u017cesz si\u0119 z nami skontaktowa\u0107 drog\u0105 elektroniczn\u0105 pod adresami: Artur.Kalinowski@fuw.edu.pl Marcin.Konecki@fuw.edu.pl Piotr.Zalewski@ncbj.gov.pl Michal.Bluj@ncbj.gov.pl lub pod numerem telefonu 22 55 32 811 lub 22 &hellip; <a href=\"http:\/\/cms.fuw.edu.pl\/?page_id=334\">Continue reading <span class=\"meta-nav\">&rarr;<\/span><\/a><\/p>\n","protected":false},"author":2,"featured_media":397,"parent":0,"menu_order":99,"comment_status":"closed","ping_status":"closed","template":"","meta":[],"_links":{"self":[{"href":"http:\/\/cms.fuw.edu.pl\/index.php?rest_route=\/wp\/v2\/pages\/334"}],"collection":[{"href":"http:\/\/cms.fuw.edu.pl\/index.php?rest_route=\/wp\/v2\/pages"}],"about":[{"href":"http:\/\/cms.fuw.edu.pl\/index.php?rest_route=\/wp\/v2\/types\/page"}],"author":[{"embeddable":true,"href":"http:\/\/cms.fuw.edu.pl\/index.php?rest_route=\/wp\/v2\/users\/2"}],"replies":[{"embeddable":true,"href":"http:\/\/cms.fuw.edu.pl\/index.php?rest_route=%2Fwp%2Fv2%2Fcomments&post=334"}],"version-history":[{"count":32,"href":"http:\/\/cms.fuw.edu.pl\/index.php?rest_route=\/wp\/v2\/pages\/334\/revisions"}],"predecessor-version":[{"id":1666,"href":"http:\/\/cms.fuw.edu.pl\/index.php?rest_route=\/wp\/v2\/pages\/334\/revisions\/1666"}],"wp:featuredmedia":[{"embeddable":true,"href":"http:\/\/cms.fuw.edu.pl\/index.php?rest_route=\/wp\/v2\/media\/397"}],"wp:attachment":[{"href":"http:\/\/cms.fuw.edu.pl\/index.php?rest_route=%2Fwp%2Fv2%2Fmedia&parent=334"}],"curies":[{"name":"wp","href":"https:\/\/api.w.org\/{rel}","templated":true}]}}