{"id":446,"date":"2012-07-03T09:47:13","date_gmt":"2012-07-03T09:47:13","guid":{"rendered":"http:\/\/cms.fuw.edu.pl\/?page_id=446"},"modified":"2024-01-09T10:00:39","modified_gmt":"2024-01-09T10:00:39","slug":"sklad-grupy","status":"publish","type":"page","link":"http:\/\/cms.fuw.edu.pl\/?page_id=446","title":{"rendered":"Sk\u0142ad grupy"},"content":{"rendered":"<p>(UW oznacza Wydzia\u0142 Fizyki Uniwersytetu Warszawskiego, NCBJ oznacza Narodowe Centrum Bada\u0144 J\u0105drowych, PW oznacza Politechnik\u0119 Warszawsk\u0105)<\/p>\n<h2><span style=\"color: #000080;\">Kierownik grupy:<\/span><\/h2>\n<table border=\"1\" width=\"100%\" cellspacing=\"0\" cellpadding=\"4\">\n<colgroup>\n<col width=\"183*\" \/>\n<col width=\"73*\" \/><\/colgroup>\n<tbody>\n<tr valign=\"TOP\">\n<td width=\"71%\">Marcin Konecki<\/td>\n<td width=\"29%\">UW<\/td>\n<\/tr>\n<\/tbody>\n<\/table>\n<h2><span style=\"color: #000080;\">Fizycy:<\/span><\/h2>\n<table border=\"1\" width=\"100%\" cellspacing=\"0\" cellpadding=\"4\">\n<colgroup>\n<col width=\"183*\" \/>\n<col width=\"73*\" \/><\/colgroup>\n<tbody>\n<tr valign=\"TOP\">\n<td width=\"71%\">Helena Bia\u0142kowska<\/td>\n<td width=\"29%\">NCBJ<\/td>\n<\/tr>\n<tr valign=\"TOP\">\n<td width=\"71%\">Micha\u0142 Bluj<\/td>\n<td width=\"29%\">NCBJ<\/td>\n<\/tr>\n<tr valign=\"TOP\">\n<td width=\"71%\">Muhammad Alibordi<\/td>\n<td width=\"29%\">UW<\/td>\n<\/tr>\n<tr valign=\"TOP\">\n<td width=\"71%\">Karol Bu\u0144kowski<\/td>\n<td width=\"29%\">UW<\/td>\n<\/tr>\n<tr valign=\"TOP\">\n<td width=\"71%\">Krzysztof Doroba<\/td>\n<td width=\"29%\">UW<\/td>\n<\/tr>\n<tr valign=\"TOP\">\n<td width=\"71%\">Maciej G\u00f3rski<\/td>\n<td width=\"29%\">NCBJ<\/td>\n<\/tr>\n<tr valign=\"TOP\">\n<td width=\"71%\">Ma\u0142gorzata Kazana<\/td>\n<td width=\"29%\">NCBJ<\/td>\n<\/tr>\n<tr valign=\"TOP\">\n<td width=\"71%\">Artur Kalinowski<\/td>\n<td width=\"29%\">UW<\/td>\n<\/tr>\n<tr valign=\"TOP\">\n<td width=\"71%\">Marcin Konecki<\/td>\n<td width=\"29%\">UW<\/td>\n<\/tr>\n<tr valign=\"TOP\">\n<td width=\"71%\">Jan Kr\u00f3likowski<\/td>\n<td width=\"29%\">UW<\/td>\n<\/tr>\n<tr valign=\"TOP\">\n<td width=\"71%\">Micha\u0142 Szleper<\/td>\n<td width=\"29%\">NCBJ<\/td>\n<\/tr>\n<tr valign=\"TOP\">\n<td width=\"71%\">Piotr Zalewski<\/td>\n<td width=\"29%\">NCBJ<\/td>\n<\/tr>\n<\/tbody>\n<\/table>\n<h2><span style=\"color: #000080;\">\u00a0In\u017cynierowie i technicy:<\/span><\/h2>\n<table border=\"1\" width=\"100%\" cellspacing=\"0\" cellpadding=\"4\">\n<colgroup>\n<col width=\"183*\" \/>\n<col width=\"73*\" \/><\/colgroup>\n<tbody>\n<tr valign=\"TOP\">\n<td width=\"71%\">Adrian Byszuk<\/td>\n<td width=\"29%\">PW<\/td>\n<\/tr>\n<tr valign=\"TOP\">\n<td width=\"71%\">Krzysztof Kierzkowski<\/td>\n<td width=\"29%\">UW<\/td>\n<\/tr>\n<tr valign=\"TOP\">\n<td width=\"71%\">Wojciech Okli\u0144ski<\/td>\n<td width=\"29%\">UW<\/td>\n<\/tr>\n<tr valign=\"TOP\">\n<td width=\"71%\">Krzysztof Po\u017aniak<\/td>\n<td width=\"29%\">PW<\/td>\n<\/tr>\n<tr valign=\"TOP\">\n<td width=\"71%\">Wojciech Zabo\u0142otny<\/td>\n<td width=\"29%\">PW<\/td>\n<\/tr>\n<\/tbody>\n<\/table>\n<h2><\/h2>\n<h2><span style=\"color: #000080;\">Doktoranci:<\/span><\/h2>\n<table border=\"1\" width=\"584\" rules=\"COLS\" cellspacing=\"0\" cellpadding=\"4\">\n<colgroup>\n<col width=\"183*\" \/>\n<col width=\"73*\" \/><\/colgroup>\n<tbody>\n<tr valign=\"TOP\">\n<td width=\"71%\">Piotr Fokow<\/td>\n<td width=\"29%\">PW<\/td>\n<\/tr>\n<tr>\n<td width=\"71%\">Mohammad Mousavi<\/td>\n<td width=\"29%\">NCBJ<\/td>\n<\/tr>\n<\/tbody>\n<\/table>\n<h2><span style=\"color: #000080;\">&#8230;oraz kilkoro student\u00f3w I i II stopnia.<\/span><\/h2>\n<hr \/>\n<p>Lista by\u0142ych cz\u0142onk\u00f3w grupy dost\u0119pna na <a href=\"http:\/\/cms.fuw.edu.pl\/?page_id=1366\">tej stronie<\/a>.<\/p>\n","protected":false},"excerpt":{"rendered":"<p>(UW oznacza Wydzia\u0142 Fizyki Uniwersytetu Warszawskiego, NCBJ oznacza Narodowe Centrum Bada\u0144 J\u0105drowych, PW oznacza Politechnik\u0119 Warszawsk\u0105) Kierownik grupy: Marcin Konecki UW Fizycy: Helena Bia\u0142kowska NCBJ Micha\u0142 Bluj NCBJ Muhammad Alibordi UW Karol Bu\u0144kowski UW Krzysztof Doroba UW Maciej G\u00f3rski NCBJ &hellip; <a href=\"http:\/\/cms.fuw.edu.pl\/?page_id=446\">Continue reading <span class=\"meta-nav\">&rarr;<\/span><\/a><\/p>\n","protected":false},"author":2,"featured_media":379,"parent":334,"menu_order":0,"comment_status":"closed","ping_status":"closed","template":"","meta":[],"_links":{"self":[{"href":"http:\/\/cms.fuw.edu.pl\/index.php?rest_route=\/wp\/v2\/pages\/446"}],"collection":[{"href":"http:\/\/cms.fuw.edu.pl\/index.php?rest_route=\/wp\/v2\/pages"}],"about":[{"href":"http:\/\/cms.fuw.edu.pl\/index.php?rest_route=\/wp\/v2\/types\/page"}],"author":[{"embeddable":true,"href":"http:\/\/cms.fuw.edu.pl\/index.php?rest_route=\/wp\/v2\/users\/2"}],"replies":[{"embeddable":true,"href":"http:\/\/cms.fuw.edu.pl\/index.php?rest_route=%2Fwp%2Fv2%2Fcomments&post=446"}],"version-history":[{"count":34,"href":"http:\/\/cms.fuw.edu.pl\/index.php?rest_route=\/wp\/v2\/pages\/446\/revisions"}],"predecessor-version":[{"id":1664,"href":"http:\/\/cms.fuw.edu.pl\/index.php?rest_route=\/wp\/v2\/pages\/446\/revisions\/1664"}],"up":[{"embeddable":true,"href":"http:\/\/cms.fuw.edu.pl\/index.php?rest_route=\/wp\/v2\/pages\/334"}],"wp:featuredmedia":[{"embeddable":true,"href":"http:\/\/cms.fuw.edu.pl\/index.php?rest_route=\/wp\/v2\/media\/379"}],"wp:attachment":[{"href":"http:\/\/cms.fuw.edu.pl\/index.php?rest_route=%2Fwp%2Fv2%2Fmedia&parent=446"}],"curies":[{"name":"wp","href":"https:\/\/api.w.org\/{rel}","templated":true}]}}