{"id":579,"date":"2012-07-24T09:26:50","date_gmt":"2012-07-24T09:26:50","guid":{"rendered":"http:\/\/cms.fuw.edu.pl\/?page_id=579"},"modified":"2021-01-13T10:51:07","modified_gmt":"2021-01-13T10:51:07","slug":"prace-obronione-w-ramach-grupy-cms","status":"publish","type":"page","link":"http:\/\/cms.fuw.edu.pl\/?page_id=579","title":{"rendered":"Prace obronione w ramach Grupy CMS"},"content":{"rendered":"<p>Poni\u017cej przedstawiamy najwa\u017cniejsze prace wykonane w ramach Warszawskiej Grupy CMS.<\/p>\n<h2>Prace habilitacyjne:<\/h2>\n<ol>\n<li>M. Bluj, <em><a href=\"http:\/\/cms.fuw.edu.pl\/wp-content\/uploads\/2021\/01\/mbluj_OpusMagnum.pdf\">Od rekonstrukcji leptonu tau do obserwacji rozpad\u00f3w bozonu Higgsa na pary tautau w eksperymencie CMS przy LHC<\/a><\/em> (2020)<\/li>\n<li>G. Brona, <em>Forward Physics &#8211; a new window on high energy interactions. Results from Large Hadron Collider Run-1 data taking obtained with Compact Muon Solenoid experiment<\/em> (2018)<\/li>\n<li>A. Kalinowski, <em>Wybrane aspekty poszukiwa\u0144 bozonu Higgsa z Modelu Standardowego w zderzeniach proton-proton w eksperymencie CMS przy LHC<\/em> (2015)<\/li>\n<li>M. Konecki, <em>The Muon Trigger of the CMS experiment &#8211; design, performance, upgrade<\/em> (2015)<\/li>\n<li>Micha\u0142 Szleper, <a href=\"https:\/\/arxiv.org\/pdf\/1412.8367.pdf\"><em>The Higgs boson and the physics of WW scattering before and after Higgs discovery<\/em><\/a> (2015)<\/li>\n<li>P. Zalewski, <em>Wybrane aspekty poszukiwania nowych cz\u0105stek w eksperymencie DELPHI przy LEP i eksperymencie CMS przy LHC <\/em>(2014)<\/li>\n<li>K. Po\u017cniak,\u00a0<em><a href=\"http:\/\/cms.fuw.edu.pl\/wp-content\/uploads\/2012\/07\/pozniak-monografia61.pdf\">Metody diagnostyczne system\u00f3w TRIDAQ implementowanych w uk\u0142adach FPGA dla ekspoeryment\u00f3w wysokich energii<\/a><\/em> (2012)<\/li>\n<li>G. Wrochna,\u00a0<em><em><a href=\"http:\/\/cms.fuw.edu.pl\/wp-content\/uploads\/2012\/07\/Hab_wrochna.pdf\">Muon Trigger of the CMS detector for LHC <\/a><\/em><\/em> (1997)<\/li>\n<\/ol>\n<h2>Prace doktorskie:<\/h2>\n<ol>\n<li>M. Olszewski, <em>Machine learning approach to H\u2192\u03c4\u03c4 analysis in the CMS experiment<\/em> (2020)<\/li>\n<li>T. Fruboes, <em><a href=\"http:\/\/cms.fuw.edu.pl\/wp-content\/uploads\/2012\/07\/PhD_fruboes.pdf\">Search for neutral Higgs boson in H \u2192 \u03c4\u03c4 \u2192 \u03bc\u03c4jet final state in the CMS experiment <\/a><\/em>(2013)<\/li>\n<li>K. Bu\u0144kowski,\u00a0<em><a href=\"http:\/\/cms.fuw.edu.pl\/wp-content\/uploads\/2012\/07\/PhD_bunkowski.pdf\">Optimization, Synchronization, Calibration and Diagnostic of the RPC PAC Muon Trigger System for the CMS detector<\/a><\/em> (2009)<\/li>\n<li>P. Zych,\u00a0<em><em><a href=\"http:\/\/cms.fuw.edu.pl\/wp-content\/uploads\/2012\/07\/PhD_pzych.pdf\">Observation of the strongly coupled Higgs sector in the CMS detector at the LHC<\/a><\/em><\/em> (2007)<\/li>\n<li>P. Traczyk,<em><a href=\"http:\/\/cms.fuw.edu.pl\/wp-content\/uploads\/2012\/07\/PhD_ptraczyk.pdf\">Search for Massive Randall-Sundrum Graviton Excitations in the CMS Experiment at the LHC<\/a><\/em> (2006)<\/li>\n<li>A. Kalinowski, <em><em><a href=\"http:\/\/cms.fuw.edu.pl\/wp-content\/uploads\/2012\/07\/PhD_akalinow1.pdf\">Search for the heavy neutral MSSM Higgs particles in the H\/A -&gt; tau tau -&gt; mu + X channel in the CMS detector at the LHC<\/a><\/em><\/em>(2006)<\/li>\n<li>M. Bluj,\u00a0<em><em><a href=\"http:\/\/cms.fuw.edu.pl\/wp-content\/uploads\/2012\/07\/PhD_mbluj.pdf\">Poszukiwanie bozonow Higgsa w akceleratorach LEP i LHC<\/a><\/em> <\/em> (2006)<\/li>\n<li>M. Kazana, <em><em><a href=\"http:\/\/cms.fuw.edu.pl\/wp-content\/uploads\/2012\/07\/PhD_kazana.pdf\">Signatures of the GSMB SUSY particles in the CMS detector at the LHC<\/a><\/em><\/em>(2004)<\/li>\n<li>M. \u0106wiok,\u00a0<em><a href=\"http:\/\/cms.fuw.edu.pl\/wp-content\/uploads\/2012\/07\/PhD_cwiok.pdf\">New Resistive Plate Chambers with High Counting Rate capability for the CMS experiment<\/a><\/em> (2003)<\/li>\n<li>M. Konecki,\u00a0<em><a href=\"http:\/\/cms.fuw.edu.pl\/wp-content\/uploads\/2012\/07\/PhD_konec.pdf\">CP violating effects in B-meson decays with multimuon final states &#8211; simulation study in the CMS detector<\/a><\/em> (1997)<\/li>\n<\/ol>\n<h2>Prace magisterskie:<\/h2>\n<ol>\n<li>B. Latacz,<em> <a href=\"https:\/\/apd.uw.edu.pl\/diplomas\/148002\/\">Analysis of background estimation methods in Higgs boson searches in tau-tau decay mode in the CMS experiment<\/a><\/em> (2016)<\/li>\n<li>A. Pyskir, <em><a href=\"https:\/\/apd.uw.edu.pl\/diplomas\/148010\/\">Analiza parzysto\u015bci kombinowanej (CP) w rozpadach neutralnych cz\u0105stek na dwa leptony tau w eksperymencie CMS<\/a><\/em> (2016)<\/li>\n<li>G. \u017barnecki, <em><a href=\"https:\/\/apd.uw.edu.pl\/diplomas\/148096\/\">The Level-1 Muon Trigger of the CMS experiment &#8211; muon selection in the detector overlap region<\/a><\/em> (2016)<\/li>\n<li>A. Smykiewicz, <em><a href=\"https:\/\/apd.uw.edu.pl\/diplomas\/87355\/\">Badanie uniwersalno\u015bci leptonowej w rozpadzie bozonu Z na podstawie danych z eksperymentu CMS<\/a><\/em> (2014)<\/li>\n<li>D. Bartkiewicz, <em><a href=\"http:\/\/cms.fuw.edu.pl\/wp-content\/uploads\/2012\/07\/1100-MGR-FZ-FCE-95653.pdf\">Tryger RPC jako cz\u0119\u015b\u0107 systemu mionowego CMS &#8211; analiza pierwszych danych LHC przy energii 7 TeV<\/a><\/em> (2012)<\/li>\n<li>G. Siemczuk,\u00a0<em><a href=\"http:\/\/cms.fuw.edu.pl\/wp-content\/uploads\/2012\/07\/MSc_siemczuk.pdf\">Badanie kana\u0142u A\/H \u2192 \u03c4 + \u03c4 \u2192 \u03c4_ d\u017cet + \u00b5 + X w detektorze CMS<\/a><\/em> (2011)<\/li>\n<li>T. Fruboes,\u00a0<em><em><a href=\"http:\/\/cms.fuw.edu.pl\/wp-content\/uploads\/2012\/07\/MSc_fru.pdf\">Mionowy system wyzwalania detektora CMS w oparciu o komory RPC &#8211; emulacja algorytmu i optymalizacja wzorc\u00f3w p\u0119dowych<\/a><\/em><\/em> (2008)<\/li>\n<li>A. Kalinowski,\u00a0<em><em><a href=\"http:\/\/cms.fuw.edu.pl\/wp-content\/uploads\/2012\/07\/MSc_akalinow1.pdf\">Optymalizacja algorytmu trygera mionowego detektora CMS w obecno\u015bci szum\u00f3w kom\u00f3r RPC<\/a><\/em><\/em> (2002)<\/li>\n<li>K. Bu\u0144kowski,\u00a0<em><em><a href=\"http:\/\/cms.fuw.edu.pl\/wp-content\/uploads\/2012\/07\/MSc_kbunkow.pdf\">Testowanie prototypu procesora PAC 2<\/a><\/em><\/em> (2001)<\/li>\n<li>\u0141. Go\u015bci\u0142o,<em><a href=\"http:\/\/cms.fuw.edu.pl\/wp-content\/uploads\/2012\/07\/MSc_lgoscilo1.pdf\">Symulacja odpowiedzi wielostopniowego systemu wyzwalania detektora CMS <\/a><\/em> (2000)<\/li>\n<li>P. Traczyk, <em><a href=\"http:\/\/cms.fuw.edu.pl\/wp-content\/uploads\/2012\/07\/MSc_ptraczyk.pdf\">Szukanie Wielowymiarowych Grawitonow w Eksperymencie CMS <\/a><\/em>(2000)<\/li>\n<li>M. Pietrusinski,\u00a0<a href=\"http:\/\/cms.fuw.edu.pl\/wp-content\/uploads\/2012\/07\/praca3.pdf\"><em>Systemowe podejscie do testowania elektroniki wyzwalania w eksperymentach wysokiej energii<\/em> <\/a> (1998)<\/li>\n<li>M. Kazana, <em><em><a href=\"http:\/\/cms.fuw.edu.pl\/wp-content\/uploads\/2012\/07\/MSc_kazana.pdf\">Hipotetyczne d\u0142ugo\u017cyciowe ci\u0119\u017ckie cz\u0105stki na\u0142adowane w detektorze CMS<\/a><\/em><\/em>(1997)<\/li>\n<li>A. Fengler, <em><em><a href=\"http:\/\/cms.fuw.edu.pl\/wp-content\/uploads\/2012\/07\/MSc_fengler.pdf\">Double Muon Trigger Rates in CMS Experiment <\/a><\/em><\/em>(1996)<\/li>\n<li>M. \u0106wiok,\u00a0<em><a href=\"http:\/\/cms.fuw.edu.pl\/wp-content\/uploads\/2012\/07\/MSc_cwiok.pdf\">Study of the performance of Resistive Plate Chambers prototypes<\/a><\/em> (1996)<\/li>\n<li>M. Konecki,\u00a0<em><em><a href=\"http:\/\/cms.fuw.edu.pl\/wp-content\/uploads\/2012\/07\/MSc_konec.pdf\">Badanie systemu wyzwalania detektora CMS przy Large Hadron Collider<\/a><\/em><\/em> (1992)<\/li>\n<\/ol>\n<h2>Prace licencjackie:<\/h2>\n<ol>\n<li>Tomasz Ku\u015bmierczyk, <em>Poszukiwanie sygna\u0142u rozpraszania bozon\u00f3w W w eksperyencie CMS przy LHC<\/em> (2013)<\/li>\n<li>P, Kuszaj,\u00a0<em><a href=\"http:\/\/cms.fuw.edu.pl\/wp-content\/uploads\/2012\/07\/1100-LIC-FZ-152328.pdf\">Poszukiwania mezonu Bs w eksperymencie CMS<\/a><\/em> (2012)<\/li>\n<li>M. Ma\u0107kowski, <em><a href=\"http:\/\/cms.fuw.edu.pl\/wp-content\/uploads\/2012\/07\/LIC_mackowski.pdf\">Analiza pierwszych danych trygera RPC w eksperymencie CMS przy Wielkim Zderzaczu Hadron\u00f3w<\/a><\/em> (2012)<\/li>\n<li>R. Boniecki,\u00a0<em><a href=\"http:\/\/cms.fuw.edu.pl\/wp-content\/uploads\/2012\/07\/LIC_boniecki.pdf\">Analiza danych LHC w poszukiwaniu rezonans\u00f3w w rozk\u0142adzie masy niezmienniczej dw\u00f3ch mion\u00f3w<\/a><\/em> (2011)<\/li>\n<li>K. Nesteruk,\u00a0<em><a href=\"http:\/\/cms.fuw.edu.pl\/wp-content\/uploads\/2012\/07\/LIC_nesteruk.pdf\">Mionowy system wyzwalania w oparciu o komory RPC w eksperymencie CMS przy Wielkim Zderzaczu Hadron\u00f3w<\/a><\/em> (2011)<\/li>\n<\/ol>\n<h2>Pracownie studenckie:<\/h2>\n<ol>\n<li>R. Boniecki, <em><a href=\"http:\/\/cms.fuw.edu.pl\/wp-content\/uploads\/2012\/07\/Cw_boniecki.pdf\">\u0106wiczenie &#8211; tryger RPC<\/a><\/em> (2012)<\/li>\n<\/ol>\n<p>&nbsp;<\/p>\n<p>&nbsp;<\/p>\n","protected":false},"excerpt":{"rendered":"<p>Poni\u017cej przedstawiamy najwa\u017cniejsze prace wykonane w ramach Warszawskiej Grupy CMS. Prace habilitacyjne: M. Bluj, Od rekonstrukcji leptonu tau do obserwacji rozpad\u00f3w bozonu Higgsa na pary tautau w eksperymencie CMS przy LHC (2020) G. Brona, Forward Physics &#8211; a new window &hellip; <a href=\"http:\/\/cms.fuw.edu.pl\/?page_id=579\">Continue reading <span class=\"meta-nav\">&rarr;<\/span><\/a><\/p>\n","protected":false},"author":2,"featured_media":652,"parent":624,"menu_order":1,"comment_status":"closed","ping_status":"closed","template":"","meta":[],"_links":{"self":[{"href":"http:\/\/cms.fuw.edu.pl\/index.php?rest_route=\/wp\/v2\/pages\/579"}],"collection":[{"href":"http:\/\/cms.fuw.edu.pl\/index.php?rest_route=\/wp\/v2\/pages"}],"about":[{"href":"http:\/\/cms.fuw.edu.pl\/index.php?rest_route=\/wp\/v2\/types\/page"}],"author":[{"embeddable":true,"href":"http:\/\/cms.fuw.edu.pl\/index.php?rest_route=\/wp\/v2\/users\/2"}],"replies":[{"embeddable":true,"href":"http:\/\/cms.fuw.edu.pl\/index.php?rest_route=%2Fwp%2Fv2%2Fcomments&post=579"}],"version-history":[{"count":60,"href":"http:\/\/cms.fuw.edu.pl\/index.php?rest_route=\/wp\/v2\/pages\/579\/revisions"}],"predecessor-version":[{"id":1364,"href":"http:\/\/cms.fuw.edu.pl\/index.php?rest_route=\/wp\/v2\/pages\/579\/revisions\/1364"}],"up":[{"embeddable":true,"href":"http:\/\/cms.fuw.edu.pl\/index.php?rest_route=\/wp\/v2\/pages\/624"}],"wp:featuredmedia":[{"embeddable":true,"href":"http:\/\/cms.fuw.edu.pl\/index.php?rest_route=\/wp\/v2\/media\/652"}],"wp:attachment":[{"href":"http:\/\/cms.fuw.edu.pl\/index.php?rest_route=%2Fwp%2Fv2%2Fmedia&parent=579"}],"curies":[{"name":"wp","href":"https:\/\/api.w.org\/{rel}","templated":true}]}}