{"id":654,"date":"2012-07-25T06:35:02","date_gmt":"2012-07-25T06:35:02","guid":{"rendered":"http:\/\/cms.fuw.edu.pl\/?page_id=654"},"modified":"2021-01-08T17:16:52","modified_gmt":"2021-01-08T17:16:52","slug":"masterclasses2012","status":"publish","type":"page","link":"http:\/\/cms.fuw.edu.pl\/?page_id=654","title":{"rendered":"MasterClasses 2012"},"content":{"rendered":"<div id=\"dokumentacjaWyklady\">\n<p><span style=\"color: #000080;\"><strong>W marcu 2012 przeprowadzili\u015bmy warsztaty z serii <a href=\"http:\/\/www.physicsmasterclasses.org\/\" target=\"_blank\">Hands on Particle Physics Masterclasses<\/a>. Poni\u017cej przedstawiamy materia\u0142y z tych warsztat\u00f3w. Reporta\u017c z Warszat\u00f3w ukaza\u0142 si\u0119 w czasopi\u015bmie <a href=\"http:\/\/www.deltami.edu.pl\/temat\/fizyka\/2012\/11\/28\/Zostac_fizykiem_czastek\/\" target=\"_blank\">Delta<\/a>.<br \/>\n<\/strong><\/span><\/p>\n<p><span style=\"color: #993300;\"><strong> Nast\u0119pna edycja jest planowana na wiosn\u0119 2013. Wszystkich zainteresowanych prosimy o kontakt pod adresem <span style=\"color: #000000;\"><em>masterclasses@fuw.edu.pl<\/em><\/span><\/strong><\/span><\/p>\n<p>&nbsp;<\/p>\n<p><a href=\"http:\/\/cms.fuw.edu.pl\/wp-content\/uploads\/2012\/07\/Ogloszenie.gif\"><img loading=\"lazy\" class=\"aligncenter size-full wp-image-663\" title=\"Ogloszenie\" src=\"http:\/\/cms.fuw.edu.pl\/wp-content\/uploads\/2012\/07\/Ogloszenie.gif\" alt=\"\" width=\"595\" height=\"794\" srcset=\"http:\/\/cms.fuw.edu.pl\/wp-content\/uploads\/2012\/07\/Ogloszenie.gif 595w, http:\/\/cms.fuw.edu.pl\/wp-content\/uploads\/2012\/07\/Ogloszenie-224x300.gif 224w\" sizes=\"(max-width: 595px) 100vw, 595px\" \/><\/a><\/p>\n<p>&nbsp;<\/p>\n<h1><\/h1>\n<h1>Odno\u015bniki do materia\u0142\u00f3w z wyk\u0142ad\u00f3w:<\/h1>\n<ul>\n<li><a href=\"http:\/\/cms.fuw.edu.pl\/wp-content\/uploads\/2012\/07\/Wyklad_Masterclasses_2012.pdf\">Wyk\u0142ad<\/a>\u00a0na temat cz\u0105stek elementarnych, dr Krzysztof Turzy\u0144ski<\/li>\n<\/ul>\n<\/div>\n<div id=\"dokumentacjaCwiczenia\">\n<h1>Odno\u015bniki do materia\u0142\u00f3w zwi\u0105zanych z \u0107wiczeniem przy komputerach:<\/h1>\n<ul>\n<li><a href=\"http:\/\/www.physicsmasterclasses.org\/exercises\/CMS\/pages\/cmswzpl.html\" target=\"_blank\">Intrukcja<\/a> do \u0107wiczenia<\/li>\n<li><a href=\"http:\/\/www.editgrid.com\/qn-nd\/qnmasterclasses\/CMS_WZ_warszawa\" target=\"_blank\">Arkusz<\/a> do kt\u00f3rego wpisujemy wyniki osberwacji<\/li>\n<\/ul>\n<\/div>\n<div id=\"wynikiCwiczenia\">\n<h1>Rezultaty \u0107wiczena przy komputerach:<\/h1>\n<ol>\n<li>Rozk\u0142ad masy niezmienniczej dla przypadk\u00f3w z dwoma mionami lub elektronami:<a href=\"http:\/\/cms.fuw.edu.pl\/wp-content\/uploads\/2012\/07\/indeks.png\"><img loading=\"lazy\" class=\"aligncenter size-full wp-image-655\" title=\"indeks\" src=\"http:\/\/cms.fuw.edu.pl\/wp-content\/uploads\/2012\/07\/indeks.png\" alt=\"\" width=\"456\" height=\"314\" srcset=\"http:\/\/cms.fuw.edu.pl\/wp-content\/uploads\/2012\/07\/indeks.png 456w, http:\/\/cms.fuw.edu.pl\/wp-content\/uploads\/2012\/07\/indeks-300x206.png 300w, http:\/\/cms.fuw.edu.pl\/wp-content\/uploads\/2012\/07\/indeks-435x300.png 435w\" sizes=\"(max-width: 456px) 100vw, 456px\" \/><\/a><\/li>\n<li>Stosunek liczby przypadk\u00f3w z elektronami do liczby przypadk\u00f3w z mionami: <strong>1.01<\/strong><\/li>\n<li>Stosunek liczby przypadk\u00f3w W+\/W-: <strong>1.21<\/strong><\/li>\n<li>Stosunek liczby przypadk\u00f3w W\/Z: <strong>16.8<\/strong><a href=\"http:\/\/cms.fuw.edu.pl\/wp-content\/uploads\/2012\/07\/indeks.png\"><br \/>\n<\/a><\/li>\n<\/ol>\n<\/div>\n","protected":false},"excerpt":{"rendered":"<p>W marcu 2012 przeprowadzili\u015bmy warsztaty z serii Hands on Particle Physics Masterclasses. Poni\u017cej przedstawiamy materia\u0142y z tych warsztat\u00f3w. Reporta\u017c z Warszat\u00f3w ukaza\u0142 si\u0119 w czasopi\u015bmie Delta. Nast\u0119pna edycja jest planowana na wiosn\u0119 2013. Wszystkich zainteresowanych prosimy o kontakt pod adresem &hellip; <a href=\"http:\/\/cms.fuw.edu.pl\/?page_id=654\">Continue reading <span class=\"meta-nav\">&rarr;<\/span><\/a><\/p>\n","protected":false},"author":2,"featured_media":671,"parent":1284,"menu_order":4,"comment_status":"closed","ping_status":"closed","template":"","meta":[],"_links":{"self":[{"href":"http:\/\/cms.fuw.edu.pl\/index.php?rest_route=\/wp\/v2\/pages\/654"}],"collection":[{"href":"http:\/\/cms.fuw.edu.pl\/index.php?rest_route=\/wp\/v2\/pages"}],"about":[{"href":"http:\/\/cms.fuw.edu.pl\/index.php?rest_route=\/wp\/v2\/types\/page"}],"author":[{"embeddable":true,"href":"http:\/\/cms.fuw.edu.pl\/index.php?rest_route=\/wp\/v2\/users\/2"}],"replies":[{"embeddable":true,"href":"http:\/\/cms.fuw.edu.pl\/index.php?rest_route=%2Fwp%2Fv2%2Fcomments&post=654"}],"version-history":[{"count":21,"href":"http:\/\/cms.fuw.edu.pl\/index.php?rest_route=\/wp\/v2\/pages\/654\/revisions"}],"predecessor-version":[{"id":1294,"href":"http:\/\/cms.fuw.edu.pl\/index.php?rest_route=\/wp\/v2\/pages\/654\/revisions\/1294"}],"up":[{"embeddable":true,"href":"http:\/\/cms.fuw.edu.pl\/index.php?rest_route=\/wp\/v2\/pages\/1284"}],"wp:featuredmedia":[{"embeddable":true,"href":"http:\/\/cms.fuw.edu.pl\/index.php?rest_route=\/wp\/v2\/media\/671"}],"wp:attachment":[{"href":"http:\/\/cms.fuw.edu.pl\/index.php?rest_route=%2Fwp%2Fv2%2Fmedia&parent=654"}],"curies":[{"name":"wp","href":"https:\/\/api.w.org\/{rel}","templated":true}]}}