{"id":875,"date":"2013-04-24T06:41:00","date_gmt":"2013-04-24T06:41:00","guid":{"rendered":"http:\/\/cms.fuw.edu.pl\/?page_id=875"},"modified":"2021-01-12T08:42:38","modified_gmt":"2021-01-12T08:42:38","slug":"higgs-marzec-2013","status":"publish","type":"page","link":"http:\/\/cms.fuw.edu.pl\/?page_id=875","title":{"rendered":"Higgs (marzec 2013)"},"content":{"rendered":"<h1>W pa\u017adzierniku 2013 przyznano <a href=\"http:\/\/www.nobelprize.org\/nobel_prizes\/physics\/laureates\/2013\/press.pdf\" target=\"_blank\">F. Englertowi i P. Higgsowi nagrod\u0119 Nobla<\/a> &#8220;za teoretyczne odkrycie mechanizmu, kt\u00f3ry poszerza nasz\u0105 wiedz\u0119 o pochodzeniu mas cz\u0105stek elementarnych, i kt\u00f3ry zosta\u0142 niedawno potwierdzony przez odkrycie postulowanej cz\u0105stki dokonane przez eksperymenty ATLAS i CMS dzia\u0142aj\u0105ce w CERNie przy Wielkim Zderzeczy Hadron\u00f3w (LHC)&#8221;.<\/h1>\n<p><strong>Na konferencji \u201cRecontres de Moriond 2013\u2033 (<a href=\"http:\/\/moriond.in2p3.fr\/\" target=\"_blank\">Moriond 2012)<\/a>, kt\u00f3ra odby\u0142a si\u0119 w La Thuile we W\u0142oszech w dniach 9-16 marca 2013 przedstawiono wyniki bada\u0144 prowadzonych przy LHC. W szczeg\u00f3lno\u015bci eksperymenty ATLAS i CMS przedstawi\u0142y wst\u0119pne wyniki poszukiwa\u0144 bozonu Higgsa uzyskane przez analiz\u0119 wszystkich danych zebranych w latach 2010-2012. Poni\u017cej przytaczamy najistotniejsze wyniki uzyskane przez eksperyment CMS.<\/strong><\/p>\n<div id=\"attachment_890\" style=\"width: 310px\" class=\"wp-caption alignleft\"><a href=\"http:\/\/cms.fuw.edu.pl\/wp-content\/uploads\/2013\/04\/int_lumi_cumulative_pp_2.png\"><img aria-describedby=\"caption-attachment-890\" loading=\"lazy\" class=\"alignleft wp-image-901\" src=\"http:\/\/cms.fuw.edu.pl\/wp-content\/uploads\/2013\/04\/int_lumi_cumulative_pp_2.png\" alt=\"int_lumi_cumulative_pp_2\" width=\"300\" height=\"1800\" \/><\/a><p id=\"caption-attachment-890\" class=\"wp-caption-text\"><a href=\"http:\/\/cms.fuw.edu.pl\/wp-content\/uploads\/2013\/04\/int_lumi_per_day_cumulative_pp_2012.png\"><br \/><\/a> Ilo\u015b\u0107 danych zbieranych przez detektor CMS w latach 2010, 2011 oraz 2012. \u0179r\u00f3d\u0142o: CERN\/CMS<\/p><\/div>\n<p>Wyniki og\u0142oszone na konferencji Moriond 2013 zosta\u0142y uzyskane na podstawie analizy znacznie wi\u0119kszej ilo\u015bci danych, ni\u017c <a title=\"Higgs (listopad 2012)\" href=\"http:\/\/cms.fuw.edu.pl\/?page_id=752\" target=\"_blank\">prezentowane pod koniec 2012 roku<\/a>. Przeanalizowano oko\u0142o 24 fb-1, z czego oko\u0142o 19 fb-1 to dane zebranie przy energii 8 TeV. Poprzednie wyniki by\u0142 oparte na analizie 17 fb-1. <strong><span style=\"color: #800000;\">Niestety na nowe dane musimy poczeka\u0107 do 2015 roku,<\/span><\/strong> kiedy LHC zostanie ponownie uruchomiony po <a href=\"http:\/\/home.web.cern.ch\/about\/updates\/2013\/02\/lhc-access-required-time-estimate-2-years\" target=\"_blank\">dwu letniej przerwie.<\/a> Podczas przerwy w\u00a0 dzia\u0142aniu LHC zostan\u0105 wykonane <a href=\"http:\/\/home.web.cern.ch\/about\/updates\/2013\/03\/lhc-consolidations-step-step-guide\" target=\"_blank\">niezb\u0119dne naprawy<\/a>, kt\u00f3re pozwol\u0105 na uzyskanie energii zderze\u0144 13 TeV, dzi\u0119ki czemu b\u0119dzie mo\u017cna dok\u0142adnie zbada\u0107 w\u0142asno\u015bci bozonu Higgsa, oraz poszukiwa\u0107 nowych cz\u0105stek i wi\u0119kszych ni\u017c do tej pory masach.<\/p>\n<div id=\"attachment_903\" style=\"width: 383px\" class=\"wp-caption alignright\"><a href=\"http:\/\/cms.fuw.edu.pl\/wp-content\/uploads\/2013\/04\/HZZ4l_date_animated_small.gif\"><img aria-describedby=\"caption-attachment-903\" loading=\"lazy\" class=\"size-full wp-image-903\" src=\"http:\/\/cms.fuw.edu.pl\/wp-content\/uploads\/2013\/04\/HZZ4l_date_animated_small.gif\" alt=\"HZZ4l_date_animated_small\" width=\"373\" height=\"288\" \/><\/a><p id=\"caption-attachment-903\" class=\"wp-caption-text\">Zmiany rozk\u0142adu masy niezmienniczej czterech lepton\u00f3w wraz ze do\u0142\u0105czaniem nowych danych zebranych przez detektor CMS. Obecno\u015b\u0107 bozonu Higgsa przejawia si\u0119 jako &#8220;g\u00f3rka&#8221; w okolicy X = 126. \u0179r\u00f3d\u0142o: CERN\/CMS<\/p><\/div>\n<p><a href=\"http:\/\/press.web.cern.ch\/press-releases\/2013\/03\/new-results-indicate-particle-discovered-cern-higgs-boson\" target=\"_blank\"><span style=\"color: #000080;\"><strong>Nie mamy ju\u017c \u017cadnej w\u0105tpliwo\u015bci, \u017ce w LHC odkryto now\u0105 cz\u0105stk\u0119 o masie oko\u0142o 126 GeV\/c2, kt\u00f3rej w\u0142asno\u015bci s\u0105 generalnie zgodne z tym czego oczekujemy dla bozonu Higgsa opisanego przez Model Standardowy.<\/strong> <\/span><\/a>Badania zwi\u0105zane z cz\u0105stk\u0105 Higgsa wesz\u0142y w nowy etap:<strong> badanie w\u0142asno\u015bci nowej cz\u0105stki.<\/strong> W tej chwili wiemy, \u017ce cz\u0105stka, kt\u00f3rej odkrycie og\u0142oszono w CERN 4 lipca 2012 &#8220;wygl\u0105da&#8221; podobnie jak bozon Higgsa, tzn. ma podobne w\u0142asno\u015bci. Stwierdzenie czy to jest dok\u0142adnie bozon Higgsa czy co\u015b innego wymaga zbadania jej w\u0142asno\u015bci: jak cz\u0119sto rozpada si\u0119 na r\u00f3\u017cne rodzaje cz\u0105stek oraz jakie s\u0105 jej tzw. liczny kwantowe.<\/p>\n<div id=\"attachment_913\" style=\"width: 360px\" class=\"wp-caption alignleft\"><a href=\"http:\/\/cms.fuw.edu.pl\/wp-content\/uploads\/2013\/04\/sqr_m6summary.png\"><img aria-describedby=\"caption-attachment-913\" loading=\"lazy\" class=\" wp-image-913\" src=\"http:\/\/cms.fuw.edu.pl\/wp-content\/uploads\/2013\/04\/sqr_m6summary.png\" alt=\"sqr_m6summary\" width=\"350\" height=\"544\" \/><\/a><p id=\"caption-attachment-913\" class=\"wp-caption-text\">Cz\u0119sto\u015bci rozpadu bozonu Higgsa na r\u00f3\u017cne cz\u0105stki wyznaczone w eksperymencie CMS. Przewidywania Modelu zaznaczono przerywan\u0105 lini\u0105. Czerwone linie pokazuj\u0105 rozmiar niepewno\u015bci do\u015bwiadczalnej. \u0179r\u00f3d\u0142o: CERN\/CMS<\/p><\/div>\n<p>&nbsp;<\/p>\n<p>Model Standardowy bardzo dok\u0142adnie przewiduje jak cz\u0119sto bozon Higgsa rozpada si\u0119 na r\u00f3\u017cne rodzaje cz\u0105stek, np. na dwa leptony tau. Jedyn\u0105 liczb\u0105 jak\u0105 trzeba by\u0142o poda\u0107 by uzyska\u0107 przewidywania Modelu by\u0142a&#8230;masa bozonu Higgsa. Badanie w\u0142asno\u015bci bozonu Higgsa polega mi\u0119dzy innymi na sprawdzeniu czy obserwowane cz\u0119sto\u015bci rozpadu s\u0105 zgodne z przewidywaniami. Niestety precyzyjne\u00a0 wyznaczenie tych wielko\u015bci w LHC jest bardzo trudne. <span style=\"color: #000080;\"><strong>Wyniki prezentowane w Moriond pokazuj\u0105, \u017ce w ramach du\u017cych niepewno\u015bci do\u015bwiadczalnych wszystkie obserwacje s\u0105 zgodne z przewidywaniami.<\/strong><\/span><br \/>\nMo\u017cna jednak te\u017c znale\u017a\u0107 wiele alternatywnych modeli kt\u00f3re b\u0119d\u0105 si\u0119 mie\u015bci\u0142y &#8220;w granicach b\u0142\u0119du do\u015bwiadczalnego&#8221;.<\/p>\n<div id=\"attachment_917\" style=\"width: 310px\" class=\"wp-caption alignright\"><a href=\"http:\/\/cms.fuw.edu.pl\/wp-content\/uploads\/2013\/04\/separation_gg2pmin.png\"><img aria-describedby=\"caption-attachment-917\" loading=\"lazy\" class=\" wp-image-917\" src=\"http:\/\/cms.fuw.edu.pl\/wp-content\/uploads\/2013\/04\/separation_gg2pmin.png\" alt=\"separation_gg2pmin\" width=\"300\" height=\"472\" \/><\/a><p id=\"caption-attachment-917\" class=\"wp-caption-text\">Wyniki por\u00f3wnania dw\u00f3ch hipotez spinu bozonu Higgsa. Kolorowe rozk\u0142ady reprezentuj\u0105 mo\u017cliwe wyniki eksperymentu przy za\u0142o\u017ceniu spinu 2, (kolor niebieski), lub 0 (kolor pomara\u0144czowy). Wynik obserwacji, oznaczony strza\u0142k\u0105 wskazuje wyra\u017anie na spin 0. \u0179r\u00f3d\u0142o: CERN\/CMS<\/p><\/div>\n<p>&nbsp;<\/p>\n<p>&nbsp;<\/p>\n<p>Istniej\u0105ce dane pozwalaj\u0105 tak\u017ce na badanie liczb kwantowych bozonu Higgsa. <span style=\"color: #003366;\"><strong>Wszystkie pomiary wskazuj\u0105, \u017ce cz\u0105stka o masie 126 GeV ma spin 0 oraz parzysto\u015b\u0107 dodatni\u0105.<\/strong><\/span><\/p>\n<p>&nbsp;<\/p>\n","protected":false},"excerpt":{"rendered":"<p>W pa\u017adzierniku 2013 przyznano F. Englertowi i P. Higgsowi nagrod\u0119 Nobla &#8220;za teoretyczne odkrycie mechanizmu, kt\u00f3ry poszerza nasz\u0105 wiedz\u0119 o pochodzeniu mas cz\u0105stek elementarnych, i kt\u00f3ry zosta\u0142 niedawno potwierdzony przez odkrycie postulowanej cz\u0105stki dokonane przez eksperymenty ATLAS i CMS dzia\u0142aj\u0105ce &hellip; <a href=\"http:\/\/cms.fuw.edu.pl\/?page_id=875\">Continue reading <span class=\"meta-nav\">&rarr;<\/span><\/a><\/p>\n","protected":false},"author":2,"featured_media":883,"parent":986,"menu_order":1,"comment_status":"closed","ping_status":"closed","template":"","meta":[],"_links":{"self":[{"href":"http:\/\/cms.fuw.edu.pl\/index.php?rest_route=\/wp\/v2\/pages\/875"}],"collection":[{"href":"http:\/\/cms.fuw.edu.pl\/index.php?rest_route=\/wp\/v2\/pages"}],"about":[{"href":"http:\/\/cms.fuw.edu.pl\/index.php?rest_route=\/wp\/v2\/types\/page"}],"author":[{"embeddable":true,"href":"http:\/\/cms.fuw.edu.pl\/index.php?rest_route=\/wp\/v2\/users\/2"}],"replies":[{"embeddable":true,"href":"http:\/\/cms.fuw.edu.pl\/index.php?rest_route=%2Fwp%2Fv2%2Fcomments&post=875"}],"version-history":[{"count":30,"href":"http:\/\/cms.fuw.edu.pl\/index.php?rest_route=\/wp\/v2\/pages\/875\/revisions"}],"predecessor-version":[{"id":1326,"href":"http:\/\/cms.fuw.edu.pl\/index.php?rest_route=\/wp\/v2\/pages\/875\/revisions\/1326"}],"up":[{"embeddable":true,"href":"http:\/\/cms.fuw.edu.pl\/index.php?rest_route=\/wp\/v2\/pages\/986"}],"wp:featuredmedia":[{"embeddable":true,"href":"http:\/\/cms.fuw.edu.pl\/index.php?rest_route=\/wp\/v2\/media\/883"}],"wp:attachment":[{"href":"http:\/\/cms.fuw.edu.pl\/index.php?rest_route=%2Fwp%2Fv2%2Fmedia&parent=875"}],"curies":[{"name":"wp","href":"https:\/\/api.w.org\/{rel}","templated":true}]}}